{"id":4514,"date":"2024-09-18T15:13:00","date_gmt":"2024-09-18T13:13:00","guid":{"rendered":"https:\/\/ovenaan.nl\/denbosch\/?page_id=4514"},"modified":"2024-09-18T15:26:48","modified_gmt":"2024-09-18T13:26:48","slug":"veelgestelde-vragen","status":"publish","type":"page","link":"https:\/\/ovenaan.nl\/denbosch\/veelgestelde-vragen\/","title":{"rendered":"Veelgestelde Vragen"},"content":{"rendered":"<div class=\"vce-row-container\"><div class=\"vce-row vce-row--has-col-background vce-element--has-background vce-row--col-gap-30 vce-row-equal-height vce-row-content--top\" data-vce-full-width=\"true\" id=\"el-583766ef\" data-vce-do-apply=\"all el-583766ef\"><div class=\"vce-content-background-container\"><\/div><div class=\"vce-row-content\" data-vce-element-content=\"true\"><div class=\"vce-col vce-element--has-background vce-col--md-auto vce-col--xs-1 vce-col--xs-last vce-col--xs-first vce-col--sm-last vce-col--sm-first vce-col--md-last vce-col--lg-last vce-col--xl-last vce-col--md-first vce-col--lg-first vce-col--xl-first\" id=\"el-a7c1e4ea\"><div class=\"vce-col-inner\" data-vce-do-apply=\"border margin background  el-a7c1e4ea\"><div class=\"vce-content-background-container\"><\/div><div class=\"vce-col-content\" data-vce-element-content=\"true\" data-vce-do-apply=\"padding el-a7c1e4ea\"><div class=\"vce-text-block\"><div class=\"vce-text-block-wrapper vce\" id=\"el-a673f391\" data-vce-do-apply=\"all el-a673f391\"><h1>Veelgestelde Vragen<\/h1><\/div><\/div><div class=\"vce-faq-toggle vce-faq-toggle-color--b-255-255-255 vce-faq-toggle-shape-color--b-5-106-57 vce-faq-toggle-shape--rounded vce-faq-toggle-hover-color--b-5-106-57 vce-faq-toggle-shape-hover-color--b-255-222-0\"><div class=\"vce-faq-toggle-wrapper vce\" id=\"el-6d263e68\" data-vce-do-apply=\"margin padding border background  el-6d263e68\"><div class=\"vce-faq-toggle-inner\"><div class=\"vce-faq-toggle-title\"><h3 class=\"vce-faq-toggle-title-text\" aria-controls=\"faqToggle-6d263e68\" aria-expanded=\"false\"><i class=\"vce-faq-toggle-icon\"><\/i>Voor hoeveel personen is \u00e9\u00e9n ovenmaaltijd?<\/h3><\/div><div class=\"vce-faq-toggle-text-block\" role=\"region\" id=\"faqToggle-6d263e68\"><p>\u00c9\u00e9n ovenmaaltijd plus de bij behoorende bijgerechten zoals een salade of een dipje vormen samen een avondmaaltijd voor 1 persoon.<span class=\"Apple-converted-space\">&nbsp;<\/span><\/p><p>Ben je nu een hele grote eter?<\/p><p>Dan hebben we altijd nog een voorgerechtje zoals een soepje of een lekker toetje in ons assortiment.<span class=\"Apple-converted-space\">&nbsp;<\/span><\/p><p>Bij vragen kun je altijd terecht bij de winkelmedewerker die op dat moment in de winkel is. We helpen je graag!<\/p><\/div><\/div><\/div><\/div><div class=\"vce-faq-toggle vce-faq-toggle-color--b-255-255-255 vce-faq-toggle-shape-color--b-5-106-57 vce-faq-toggle-shape--rounded vce-faq-toggle-hover-color--b-5-106-57 vce-faq-toggle-shape-hover-color--b-255-222-0\"><div class=\"vce-faq-toggle-wrapper vce\" id=\"el-76e4dd37\" data-vce-do-apply=\"margin padding border background  el-76e4dd37\"><div class=\"vce-faq-toggle-inner\"><div class=\"vce-faq-toggle-title\"><h3 class=\"vce-faq-toggle-title-text\" aria-controls=\"faqToggle-76e4dd37\" aria-expanded=\"false\"><i class=\"vce-faq-toggle-icon\"><\/i>Waar kan ik informatie vinden over de voedingswaarden<\/h3><\/div><div class=\"vce-faq-toggle-text-block\" role=\"region\" id=\"faqToggle-76e4dd37\"><p>Onze maaltijden worden dagelijks vers klaargemaakt. Bij Oven Aan, Kom Eraan werken we met een team van verschillende koks, wat betekent dat niet iedere maaltijd precies hetzelfde klaargemaakt word. We streven ernaar om de verschillen zo minimaal te houden.<span class=\"Apple-converted-space\">&nbsp;<\/span><\/p><p>Echter betekent dit dat de voedingswaarden niet voor iedere maaltijd hetzelfde zijn.<span class=\"Apple-converted-space\">&nbsp;<\/span><\/p><p>Mocht je specifieke vragen hebben over een maaltijd betreft ingredi\u00ebnten of allergenen kan je altijd terecht bij de winkelmedewerker via het telefoonnummer +31 6 39 82 35 02 of denbosch@ovenaan.nl<\/p><\/div><\/div><\/div><\/div><div class=\"vce-faq-toggle vce-faq-toggle-color--b-255-255-255 vce-faq-toggle-shape-color--b-5-106-57 vce-faq-toggle-shape--rounded vce-faq-toggle-hover-color--b-5-106-57 vce-faq-toggle-shape-hover-color--b-255-222-0\"><div class=\"vce-faq-toggle-wrapper vce\" id=\"el-4ff6c151\" data-vce-do-apply=\"margin padding border background  el-4ff6c151\"><div class=\"vce-faq-toggle-inner\"><div class=\"vce-faq-toggle-title\"><h3 class=\"vce-faq-toggle-title-text\" aria-controls=\"faqToggle-4ff6c151\" aria-expanded=\"false\"><i class=\"vce-faq-toggle-icon\"><\/i>Kan mijn bestelling bij mij thuisbezorgd worden?<\/h3><\/div><div class=\"vce-faq-toggle-text-block\" role=\"region\" id=\"faqToggle-4ff6c151\"><p>We bezorgen momenteel in de postcodegebieden 5211, 5212, 5213, 5215, 5223m 5232 en De Buitenpepers.<span class=\"Apple-converted-space\">&nbsp;<\/span><\/p><p>Woon je niet in het postcodegebied waar wij bezorgen?<\/p><p>Dan kun je je bestelling afhalen bij onze maaltijdenwinkel aan de Vughterstraat 67 of bij een van onze Pick-Up Points in Engelen, Rosmalen, Vught of Vlijmen!<\/p><\/div><\/div><\/div><\/div><div class=\"vce-faq-toggle vce-faq-toggle-color--b-255-255-255 vce-faq-toggle-shape-color--b-5-106-57 vce-faq-toggle-shape--rounded vce-faq-toggle-hover-color--b-5-106-57 vce-faq-toggle-shape-hover-color--b-255-222-0\"><div class=\"vce-faq-toggle-wrapper vce\" id=\"el-94034118\" data-vce-do-apply=\"margin padding border background  el-94034118\"><div class=\"vce-faq-toggle-inner\"><div class=\"vce-faq-toggle-title\"><h3 class=\"vce-faq-toggle-title-text\" aria-controls=\"faqToggle-94034118\" aria-expanded=\"false\"><i class=\"vce-faq-toggle-icon\"><\/i>Hoe kan ik het beste de verpakking van mijn ovenmaaltijd recyclen?<\/h3><\/div><div class=\"vce-faq-toggle-text-block\" role=\"region\" id=\"faqToggle-94034118\"><p>Onze salade bekers zijn gemaakt van karton, met een PLA laagje.<span class=\"Apple-converted-space\">&nbsp;<\/span><\/p><p>PLA wordt gemaakt van plantaardige grondstoffen, zoals suikerriet of ma\u00efszetmeel.<span class=\"Apple-converted-space\">&nbsp;<\/span><\/p><p>Deze materialen kunnen niet verwerkt worden bij het recyclen van papier, zodoende moeten deze salade bekers bij het rest afval.<span class=\"Apple-converted-space\">&nbsp;<\/span><\/p><p>De ovenmaaltijden zitten in een aluminium ovenschaal, met een plastic deksel. Beide mogen in de gemeente Den Bosch gerecycled worden bij het plastic afval.<\/p><p>Is jou vraag nog niet beantwoordt?<span class=\"Apple-converted-space\">&nbsp;<\/span><\/p><p>Stuur dan een mailtje naar denbosch@ovenaan.n<\/p><\/div><\/div><\/div><\/div><div class=\"vce-faq-toggle vce-faq-toggle-color--b-255-255-255 vce-faq-toggle-shape-color--b-5-106-57 vce-faq-toggle-shape--rounded vce-faq-toggle-hover-color--b-5-106-57 vce-faq-toggle-shape-hover-color--b-255-222-0\"><div class=\"vce-faq-toggle-wrapper vce\" id=\"el-cd0bcc14\" data-vce-do-apply=\"margin padding border background  el-cd0bcc14\"><div class=\"vce-faq-toggle-inner\"><div class=\"vce-faq-toggle-title\"><h3 class=\"vce-faq-toggle-title-text\" aria-controls=\"faqToggle-cd0bcc14\" aria-expanded=\"false\"><i class=\"vce-faq-toggle-icon\"><\/i>Wat betekent de sticker links boven bij de maaltijd foto?<\/h3><\/div><div class=\"vce-faq-toggle-text-block\" role=\"region\" id=\"faqToggle-cd0bcc14\"><p>Momenteel communiceren we met een aantal verschillende \u2018stickers\u2019 bij de foto\u2019s van de maaltijden. Hieronder vind je een overzicht van de betekenis van deze stickers.<span class=\"Apple-converted-space\">&nbsp;<\/span><\/p><p>Een plantje: deze maaltijd is vegetarisch of veganistisch<\/p><p>Een pepertje: deze maaltijd bevat pit, dit kan vari\u00ebren van mild pittig tot pittig.<span class=\"Apple-converted-space\">&nbsp;<\/span><\/p><p>Fat Friday: Dit is onze vrijdag maaltijd. Om het weekend te vieren, is onze maaltijd van de vrijdag een minder gezonde maaltijd dan de maaltijden op andere dagen in de week.<span class=\"Apple-converted-space\">&nbsp;<\/span><\/p><p>Het hoofd van een van onze collega\u2019s: deze sticker duid aan dat deze maaltijd een favoriet is van onze collega.<span class=\"Apple-converted-space\">&nbsp;<\/span><\/p><\/div><\/div><\/div><\/div><div class=\"vce-faq-toggle vce-faq-toggle-color--b-255-255-255 vce-faq-toggle-shape-color--b-5-106-57 vce-faq-toggle-shape--rounded vce-faq-toggle-hover-color--b-5-106-57 vce-faq-toggle-shape-hover-color--b-255-222-0\"><div class=\"vce-faq-toggle-wrapper vce\" id=\"el-e4b0cddc\" data-vce-do-apply=\"margin padding border background  el-e4b0cddc\"><div class=\"vce-faq-toggle-inner\"><div class=\"vce-faq-toggle-title\"><h3 class=\"vce-faq-toggle-title-text\" aria-controls=\"faqToggle-e4b0cddc\" aria-expanded=\"false\"><i class=\"vce-faq-toggle-icon\"><\/i>Ik wil een maaltijdbon bestellen hoe werkt dit?<\/h3><\/div><div class=\"vce-faq-toggle-text-block\" role=\"region\" id=\"faqToggle-e4b0cddc\"><p>Een maaltijdbon kopen voor jezelf of voor een ander kan op twee manieren.<span class=\"Apple-converted-space\">&nbsp;<\/span><\/p><ol><li>Je komt gezellig langs in de winkel en de winkelmedewerker schrijft een maaltijdbon voor je uit.<span class=\"Apple-converted-space\">&nbsp;<\/span><\/li><li>Via de website kun je 1 of meerdere bonnen bestellen, deze kun je daarna in onze maaltijdenwinkel aan de Vughterstraat afhalen.<span class=\"Apple-converted-space\">&nbsp;<\/span><\/li><\/ol><p>Onze maaltijdbonnen kosten \u20ac10,25 per stuk en hebben de waarden van 1 maaltijd. Deze bon is fysiek. Je krijgt dus geen digitale bon of code.<span class=\"Apple-converted-space\">&nbsp;<\/span><\/p><p>Mocht je nog vragen hebben rondom de maaltijdbon kun je altijd contact opnemen met een winkelmedewerker via het telefoonnummer +31 6 39 82 35 02 of denbosch@ovenaan.nl<\/p><\/div><\/div><\/div><\/div><div class=\"vce-faq-toggle vce-faq-toggle-color--b-255-255-255 vce-faq-toggle-shape-color--b-5-106-57 vce-faq-toggle-shape--rounded vce-faq-toggle-hover-color--b-5-106-57 vce-faq-toggle-shape-hover-color--b-255-222-0\"><div class=\"vce-faq-toggle-wrapper vce\" id=\"el-93d212c3\" data-vce-do-apply=\"margin padding border background  el-93d212c3\"><div class=\"vce-faq-toggle-inner\"><div class=\"vce-faq-toggle-title\"><h3 class=\"vce-faq-toggle-title-text\" aria-controls=\"faqToggle-93d212c3\" aria-expanded=\"false\"><i class=\"vce-faq-toggle-icon\"><\/i>Wat zijn de spelregels van de Spaarkaart?<\/h3><\/div><div class=\"vce-faq-toggle-text-block\" role=\"region\" id=\"faqToggle-93d212c3\"><ol><li>Haal je ovenmaaltijd(en) af bij onze maaltijdenwinkel aan de Vughterstraat 67.<\/li><li>Per verse ovenmaaltijd ontvang je 1 stempel.<\/li><li>Bij een volle spaarkaart, 10 stempels, ontvang je 1 gratis ovenmaaltijd.<span class=\"Apple-converted-space\">&nbsp;<\/span><\/li><li>Let op!<ol><li>Wanneer je 2 of meer ovenmaaltijden afhaalt met 1 volle spaarkaart krijg je de ovenmaaltijd met de laagste prijs gratis mee.<span class=\"Apple-converted-space\">&nbsp;<\/span><\/li><li>Wanneer je nog 1 stempel te gaan hebt op je spaarkaart en je haalt 1 of meer ovenmaaltijden af, geld de gratis ovenmaaltijd voor de volgende keer.<span class=\"Apple-converted-space\">&nbsp;<\/span><\/li><\/ol><\/li><\/ol><\/div><\/div><\/div><\/div><\/div><\/div><\/div><\/div><\/div><\/div><div class=\"vce-row-container\" data-vce-boxed-width=\"true\"><div class=\"vce-row vce-row--col-gap-30 vce-row-equal-height vce-row-content--top\" id=\"el-346ed04a\" data-vce-do-apply=\"all el-346ed04a\"><div class=\"vce-row-content\" data-vce-element-content=\"true\"><div class=\"vce-col vce-col--md-auto vce-col--xs-1 vce-col--xs-last vce-col--xs-first vce-col--sm-last vce-col--sm-first vce-col--md-last vce-col--lg-last vce-col--xl-last vce-col--md-first vce-col--lg-first vce-col--xl-first\" id=\"el-50f7b79f\"><div class=\"vce-col-inner\" data-vce-do-apply=\"border margin background  el-50f7b79f\"><div class=\"vce-col-content\" data-vce-element-content=\"true\" data-vce-do-apply=\"padding el-50f7b79f\"><div><\/div><\/div><\/div><\/div><\/div><\/div><\/div>","protected":false},"excerpt":{"rendered":"<p>Veelgestelde VragenVoor hoeveel personen is \u00e9\u00e9n ovenmaaltijd?\u00c9\u00e9n ovenmaaltijd plus de bij behoorende bijgerechten zoals een salade of een dipje vormen samen een avondmaaltijd voor 1 persoon.&nbsp;Ben je nu een hele grote eter?Dan hebben we altijd nog een voorgerechtje zoals een soepje of een lekker toetje in ons assortiment.&nbsp;Bij vragen kun je altijd terecht bij de [&hellip;]<\/p>\n","protected":false},"author":1,"featured_media":0,"parent":0,"menu_order":0,"comment_status":"closed","ping_status":"closed","template":"","meta":{"om_disable_all_campaigns":false,"_monsterinsights_skip_tracking":false,"_monsterinsights_sitenote_active":false,"_monsterinsights_sitenote_note":"","_monsterinsights_sitenote_category":0},"aioseo_notices":[],"_links":{"self":[{"href":"https:\/\/ovenaan.nl\/denbosch\/wp-json\/wp\/v2\/pages\/4514"}],"collection":[{"href":"https:\/\/ovenaan.nl\/denbosch\/wp-json\/wp\/v2\/pages"}],"about":[{"href":"https:\/\/ovenaan.nl\/denbosch\/wp-json\/wp\/v2\/types\/page"}],"author":[{"embeddable":true,"href":"https:\/\/ovenaan.nl\/denbosch\/wp-json\/wp\/v2\/users\/1"}],"replies":[{"embeddable":true,"href":"https:\/\/ovenaan.nl\/denbosch\/wp-json\/wp\/v2\/comments?post=4514"}],"version-history":[{"count":0,"href":"https:\/\/ovenaan.nl\/denbosch\/wp-json\/wp\/v2\/pages\/4514\/revisions"}],"wp:attachment":[{"href":"https:\/\/ovenaan.nl\/denbosch\/wp-json\/wp\/v2\/media?parent=4514"}],"curies":[{"name":"wp","href":"https:\/\/api.w.org\/{rel}","templated":true}]}}