{"id":2490,"date":"2021-02-11T11:48:47","date_gmt":"2021-02-11T11:48:47","guid":{"rendered":"https:\/\/ovenaankomeraan.nl\/?page_id=77"},"modified":"2025-03-21T16:59:44","modified_gmt":"2025-03-21T15:59:44","slug":"homepage","status":"publish","type":"page","link":"https:\/\/ovenaan.nl\/appel\/","title":{"rendered":""},"content":{"rendered":"<div class=\"vce-row-container\"><div class=\"vce-row vce-element--xl--has-background vce-element--lg--has-background vce-element--md--has-background vce-element--sm--has-background vce-element--xs--has-background vce-row--col-gap-30 vce-row-equal-height vce-row-content--top\" data-vce-full-width=\"true\" id=\"el-0d55e522\" data-vce-do-apply=\"all el-0d55e522\"><div class=\"vce-content-background-container\"><div class=\"vce-asset-background-simple-container vce-visible-xl-only vce-asset-background-simple--style-repeat vce-asset-background-simple--position-center-center\"><div class=\"vce-asset-background-simple\">\n              <div class=\"vce-asset-background-simple-item vcv-lozad\" data-background-image=\"https:\/\/ovenaan.nl\/nijmegen\/wp-content\/uploads\/2021\/02\/Stippem@2x.png\"><\/div>\n              <noscript>\n                <div class=\"vce-asset-background-simple-item\" style=\"background-image: url(https:\/\/ovenaan.nl\/nijmegen\/wp-content\/uploads\/2021\/02\/Stippem@2x.png)\"><\/div>\n              <\/noscript>\n            <\/div><\/div><div class=\"vce-asset-background-simple-container vce-visible-lg-only vce-asset-background-simple--style-repeat vce-asset-background-simple--position-center-center\"><div class=\"vce-asset-background-simple\">\n              <div class=\"vce-asset-background-simple-item vcv-lozad\" data-background-image=\"https:\/\/ovenaan.nl\/nijmegen\/wp-content\/uploads\/2021\/02\/Stippem@2x.png\"><\/div>\n              <noscript>\n                <div class=\"vce-asset-background-simple-item\" style=\"background-image: url(https:\/\/ovenaan.nl\/nijmegen\/wp-content\/uploads\/2021\/02\/Stippem@2x.png)\"><\/div>\n              <\/noscript>\n            <\/div><\/div><div class=\"vce-asset-background-simple-container vce-visible-md-only vce-asset-background-simple--style-repeat vce-asset-background-simple--position-center-center\"><div class=\"vce-asset-background-simple\">\n              <div class=\"vce-asset-background-simple-item vcv-lozad\" data-background-image=\"https:\/\/ovenaan.nl\/nijmegen\/wp-content\/uploads\/2021\/02\/Stippem@2x.png\"><\/div>\n              <noscript>\n                <div class=\"vce-asset-background-simple-item\" style=\"background-image: url(https:\/\/ovenaan.nl\/nijmegen\/wp-content\/uploads\/2021\/02\/Stippem@2x.png)\"><\/div>\n              <\/noscript>\n            <\/div><\/div><div class=\"vce-asset-background-simple-container vce-visible-sm-only vce-asset-background-simple--style-repeat vce-asset-background-simple--position-center-center\"><div class=\"vce-asset-background-simple\">\n              <div class=\"vce-asset-background-simple-item vcv-lozad\" data-background-image=\"https:\/\/ovenaan.nl\/nijmegen\/wp-content\/uploads\/2021\/02\/Stippem@2x.png\"><\/div>\n              <noscript>\n                <div class=\"vce-asset-background-simple-item\" style=\"background-image: url(https:\/\/ovenaan.nl\/nijmegen\/wp-content\/uploads\/2021\/02\/Stippem@2x.png)\"><\/div>\n              <\/noscript>\n            <\/div><\/div><div class=\"vce-asset-background-simple-container vce-visible-xs-only vce-asset-background-simple--style-repeat vce-asset-background-simple--position-center-center\"><div class=\"vce-asset-background-simple\">\n              <div class=\"vce-asset-background-simple-item vcv-lozad\" data-background-image=\"https:\/\/ovenaan.nl\/nijmegen\/wp-content\/uploads\/2021\/02\/Stippem@2x.png\"><\/div>\n              <noscript>\n                <div class=\"vce-asset-background-simple-item\" style=\"background-image: url(https:\/\/ovenaan.nl\/nijmegen\/wp-content\/uploads\/2021\/02\/Stippem@2x.png)\"><\/div>\n              <\/noscript>\n            <\/div><\/div><\/div><div class=\"vce-row-content\" data-vce-element-content=\"true\"><div class=\"vce-col vce-col--md-auto vce-col--xs-1 vce-col--xs-last vce-col--xs-first vce-col--sm-last vce-col--sm-first vce-col--md-first vce-col--lg-first vce-col--xl-first\" id=\"el-e65324e0\"><div class=\"vce-col-inner\" data-vce-do-apply=\"border margin background  el-e65324e0\"><div class=\"vce-content-background-container\"><\/div><div class=\"vce-col-content\" data-vce-element-content=\"true\" data-vce-do-apply=\"padding el-e65324e0\"><div class=\"vce-single-image-container vce-single-image--align-left\"><div class=\"vce vce-single-image-wrapper\" id=\"el-37686986\" data-vce-do-apply=\"all el-37686986\"><figure><div class=\"vce-single-image-figure-inner\" style=\"width: 855px;\"><div class=\"vce-single-image-inner vce-single-image--absolute vce-single-image--border-rounded\" style=\"width: 100%; padding-bottom: 76.842105%;\"><img loading=\"lazy\" class=\"vce-single-image\"  width=\"855\" height=\"657\" src=\"https:\/\/ovenaan.nl\/coffeelab\/wp-content\/uploads\/sites\/4\/2025\/03\/Appel.jpg\" data-img-src=\"http:\/\/ovenaan.nl\/coffeelab\/wp-content\/uploads\/sites\/4\/2025\/03\/Appel.jpg\" data-attachment-id=\"2893\"  alt=\"\" title=\"App\u00e9l\" \/><\/div><\/div><figcaption hidden=\"\"><\/figcaption><\/figure><\/div><\/div><\/div><\/div><\/div><div class=\"vce-col vce-col--md-auto vce-col--xs-1 vce-col--xs-last vce-col--xs-first vce-col--sm-last vce-col--sm-first vce-col--md-last vce-col--lg-last vce-col--xl-last\" id=\"el-7d437ee4\"><div class=\"vce-col-inner\" data-vce-do-apply=\"border margin background  el-7d437ee4\"><div class=\"vce-content-background-container\"><\/div><div class=\"vce-col-content\" data-vce-element-content=\"true\" data-vce-do-apply=\"padding el-7d437ee4\"><div class=\"vce-text-block\"><div class=\"vce-text-block-wrapper vce\" id=\"el-f91b2b87\" data-vce-do-apply=\"all el-f91b2b87\"><h1><strong>OAKE x App\u00e8l<\/strong><\/h1><\/div><\/div><div class=\"vce-text-block\"><div class=\"vce-text-block-wrapper vce\" id=\"el-7d0dccaa\" data-vce-do-apply=\"all el-7d0dccaa\"><h4>Door App\u00e8l, voor App\u00e8l<\/h4>\n<p data-start=\"0\" data-end=\"213\">Wij zijn <em data-start=\"9\" data-end=\"31\">Oven Aan, Kom Eraan!<\/em>, de specialist in warme maaltijden voor jullie. Speciaal voor onze collega's van App\u00e8l hebben we deze pagina's ingericht met de producten en diensten die we App\u00e8l-breed aanbieden.<\/p>\n<p data-start=\"215\" data-end=\"356\">Denk hierbij aan banqueting, de inzet van foodtrucks, vaste afname op locatie of een andere dienst waarmee we jouw locatie kunnen voorzien.<\/p>\n<p data-start=\"358\" data-end=\"404\" data-is-last-node=\"\" data-is-only-node=\"\">Twijfel je? Bekijk dan ook even zeker onze <a href=\"https:\/\/ovenaan.nl\/appel\/faq\/\"><strong>FAQ<\/strong> <\/a>of neem contact met ons op!<\/p><\/div><\/div><\/div><\/div><\/div><\/div><\/div><\/div><div class=\"vce-row-container\" id=\"werkt\"><div class=\"vce-row vce-element--has-background vce-row--col-gap-30 vce-row-equal-height vce-row-content--top\" data-vce-full-width=\"true\" id=\"el-87ea09ee\" data-vce-do-apply=\"all el-87ea09ee\"><div class=\"vce-content-background-container\"><\/div><div class=\"vce-row-content\" data-vce-element-content=\"true\"><div class=\"vce-col vce-col--md-auto vce-col--xs-1 vce-col--xs-last vce-col--xs-first vce-col--sm-last vce-col--sm-first vce-col--md-last vce-col--lg-last vce-col--xl-last vce-col--md-first vce-col--lg-first vce-col--xl-first\" id=\"el-058ab20a\"><div class=\"vce-col-inner\" data-vce-do-apply=\"border margin background  el-058ab20a\"><div class=\"vce-col-content\" data-vce-element-content=\"true\" data-vce-do-apply=\"padding el-058ab20a\"><div class=\"vce-text-block\" id=\"#werkt\"><div class=\"vce-text-block-wrapper vce\" id=\"el-85dcd1b2\" data-vce-do-apply=\"all el-85dcd1b2\"><h4 style=\"text-align: center; line-height: 0.5;\">OAKE x APP\u00c9L IN HET KORT<\/h4>\n<p style=\"text-align: center; line-height: 1;\"><span style=\"font-family: 'Nunito Sans'; font-size: 34pt; font-weight: 600; font-style: normal;\">Dit verzorgen wij <span style=\"font-weight: 800;\">voor jou!<\/span><\/span><\/p>\n<\/div><\/div><\/div><\/div><\/div><\/div><\/div><\/div><div class=\"vce-row-container\"><div class=\"vce-row vce-row--has-col-background vce-element--xl--has-background vce-element--lg--has-background vce-element--md--has-background vce-element--sm--has-background vce-element--xs--has-background vce-row--col-gap-25 oven-slider vce-row-content--top\" data-vce-full-width=\"true\" id=\"el-ac4d0cff\" data-vce-do-apply=\"all el-ac4d0cff\"><div class=\"vce-content-background-container\"><\/div><div class=\"vce-row-content\" data-vce-element-content=\"true\"><div class=\"vce-col vce-element--has-background vce-col--md-auto vce-col--xs-1 vce-col--xs-last vce-col--xs-first vce-col--sm-last vce-col--sm-first vce-col--md-first vce-col--lg-first vce-col--xl-first\" id=\"el-92d34e02\"><div class=\"vce-col-inner\" data-vce-do-apply=\"border margin background  el-92d34e02\"><div class=\"vce-content-background-container\"><\/div><div class=\"vce-col-content\" data-vce-element-content=\"true\" data-vce-do-apply=\"padding el-92d34e02\"><div class=\"vce-single-image-container vce-single-image--align-center\"><div class=\"vce vce-single-image-wrapper\" id=\"el-fb954f4b\" data-vce-do-apply=\"all el-fb954f4b\"><figure><div class=\"vce-single-image-figure-inner\" style=\"width: 160px;\"><div class=\"vce-single-image-inner vce-single-image--absolute\" style=\"width: 100%; padding-bottom: 87.5%;\"><img loading=\"lazy\" class=\"vce-single-image\"  width=\"160\" height=\"140\" src=\"https:\/\/ovenaan.nl\/nijmegen\/wp-content\/uploads\/2021\/02\/oven.png\" data-img-src=\"https:\/\/ovenaan.nl\/nijmegen\/wp-content\/uploads\/2021\/02\/oven.png\" data-attachment-id=\"225\"  alt=\"\" title=\"oven\" \/><\/div><\/div><figcaption hidden=\"\"><\/figcaption><\/figure><\/div><\/div><div class=\"vce-text-block\"><div class=\"vce-text-block-wrapper vce\" id=\"el-12ebe097\" data-vce-do-apply=\"all el-12ebe097\"><h3 style=\"text-align: center;\">Banqueting<\/h3>\n<p style=\"text-align: center;\">Elke dag toveren we in onze keuken heerlijke, dagverse en seizoensgebonden maaltijden op tafel, gekozen uit een schatkist van meer dan 250 unieke recepten.<\/p><\/div><\/div><div class=\"vce-text-block\"><div class=\"vce-text-block-wrapper vce\" id=\"el-b3501b32\" data-vce-do-apply=\"all el-b3501b32\"><p style=\"text-align: center;\"><a title=\"Banqueting\" href=\"https:\/\/ovenaan.nl\/appel\/banqueting\/\">Meer informatie &gt;<\/a><\/p><\/div><\/div><\/div><\/div><\/div><div class=\"vce-col vce-element--has-background vce-col--md-auto vce-col--xs-1 vce-col--xs-last vce-col--xs-first vce-col--sm-last vce-col--sm-first\" id=\"el-9612a31b\"><div class=\"vce-col-inner\" data-vce-do-apply=\"border margin background  el-9612a31b\"><div class=\"vce-content-background-container\"><\/div><div class=\"vce-col-content\" data-vce-element-content=\"true\" data-vce-do-apply=\"padding el-9612a31b\"><div class=\"vce-single-image-container vce-single-image--align-center\"><div class=\"vce vce-single-image-wrapper\" id=\"el-2c24559a\" data-vce-do-apply=\"all el-2c24559a\"><figure><div class=\"vce-single-image-figure-inner\" style=\"width: 160px;\"><div class=\"vce-single-image-inner vce-single-image--absolute\" style=\"width: 100%; padding-bottom: 87.5%;\"><img loading=\"lazy\" class=\"vce-single-image\"  width=\"160\" height=\"140\" src=\"https:\/\/ovenaan.nl\/nijmegen\/wp-content\/uploads\/2021\/02\/Ketel.png\" data-img-src=\"https:\/\/ovenaan.nl\/nijmegen\/wp-content\/uploads\/2021\/02\/Ketel.png\" data-attachment-id=\"223\"  alt=\"\" title=\"Ketel\" \/><\/div><\/div><figcaption hidden=\"\"><\/figcaption><\/figure><\/div><\/div><div class=\"vce-text-block\"><div class=\"vce-text-block-wrapper vce\" id=\"el-59229978\" data-vce-do-apply=\"all el-59229978\"><h3 style=\"text-align: center;\">Modules<\/h3>\n<p style=\"text-align: center;\">Smaken verschillen! Voor App\u00e8l kookt OAKE dagelijks diverse modules voor vaste afname op &nbsp;diverse locaties. Zoveel mensen, zoveel wensen!<\/p><\/div><\/div><div class=\"vce-text-block\"><div class=\"vce-text-block-wrapper vce\" id=\"el-a26f13bb\" data-vce-do-apply=\"all el-a26f13bb\"><p style=\"text-align: center;\"><a href=\"https:\/\/ovenaan.nl\/appel\/modules\/\">Meer informatie &gt;<\/a><\/p><\/div><\/div><\/div><\/div><\/div><div class=\"vce-col vce-element--has-background vce-col--md-auto vce-col--xs-1 vce-col--xs-last vce-col--xs-first vce-col--sm-last vce-col--sm-first\" id=\"el-3532928f\"><div class=\"vce-col-inner\" data-vce-do-apply=\"border margin background  el-3532928f\"><div class=\"vce-content-background-container\"><\/div><div class=\"vce-col-content\" data-vce-element-content=\"true\" data-vce-do-apply=\"padding el-3532928f\"><div class=\"vce-single-image-container vce-single-image--align-center\"><div class=\"vce vce-single-image-wrapper\" id=\"el-4743b335\" data-vce-do-apply=\"all el-4743b335\"><figure><div class=\"vce-single-image-figure-inner\" style=\"width: 160px;\"><div class=\"vce-single-image-inner vce-single-image--absolute\" style=\"width: 100%; padding-bottom: 87.5%;\"><img loading=\"lazy\" class=\"vce-single-image\"  width=\"160\" height=\"140\" src=\"https:\/\/ovenaan.nl\/nijmegen\/wp-content\/uploads\/2021\/02\/fiets.png\" data-img-src=\"https:\/\/ovenaan.nl\/nijmegen\/wp-content\/uploads\/2021\/02\/fiets.png\" data-attachment-id=\"222\"  alt=\"\" title=\"fiets\" \/><\/div><\/div><figcaption hidden=\"\"><\/figcaption><\/figure><\/div><\/div><div class=\"vce-text-block\"><div class=\"vce-text-block-wrapper vce\" id=\"el-167ad232\" data-vce-do-apply=\"all el-167ad232\"><h3 style=\"text-align: center;\">Foodtrucks<\/h3>\n<p style=\"text-align: center;\">Jij vraagt, wij rollen! Met 4 unieke foodtruck concepten komen we altijd uit de voeten. Van snel tot avondvullend, en voor elk budget.<\/p><\/div><\/div><div class=\"vce-text-block\"><div class=\"vce-text-block-wrapper vce\" id=\"el-ea748a8f\" data-vce-do-apply=\"all el-ea748a8f\"><p style=\"text-align: center;\"><a href=\"https:\/\/ovenaan.nl\/appel\/foodtrucks\/\">Meer informatie &gt;<\/a><\/p><\/div><\/div><\/div><\/div><\/div><div class=\"vce-col vce-element--has-background vce-col--md-auto vce-col--xs-1 vce-col--xs-last vce-col--xs-first vce-col--sm-last vce-col--sm-first vce-col--md-last vce-col--lg-last vce-col--xl-last\" id=\"el-0a77aa84\"><div class=\"vce-col-inner\" data-vce-do-apply=\"border margin background  el-0a77aa84\"><div class=\"vce-content-background-container\"><\/div><div class=\"vce-col-content\" data-vce-element-content=\"true\" data-vce-do-apply=\"padding el-0a77aa84\"><div class=\"vce-single-image-container vce-single-image--align-center\"><div class=\"vce vce-single-image-wrapper\" id=\"el-378d029c\" data-vce-do-apply=\"all el-378d029c\"><figure><div class=\"vce-single-image-figure-inner\" style=\"width: 160px;\"><div class=\"vce-single-image-inner vce-single-image--absolute\" style=\"width: 100%; padding-bottom: 87.5%;\"><img loading=\"lazy\" class=\"vce-single-image\"  width=\"160\" height=\"140\" src=\"https:\/\/ovenaan.nl\/nijmegen\/wp-content\/uploads\/2021\/02\/Laptop-1.png\" data-img-src=\"https:\/\/ovenaan.nl\/nijmegen\/wp-content\/uploads\/2021\/02\/Laptop-1.png\" data-attachment-id=\"224\"  alt=\"\" title=\"Laptop\" \/><\/div><\/div><figcaption hidden=\"\"><\/figcaption><\/figure><\/div><\/div><div class=\"vce-text-block\"><div class=\"vce-text-block-wrapper vce\" id=\"el-cf46d420\" data-vce-do-apply=\"all el-cf46d420\"><h3 style=\"text-align: center;\">Offerte<\/h3>\n<p style=\"text-align: center;\">Wij zijn de schakel tussen klant en keuken. Ons doel is altijd om er uit te komen. Hiervoor werken we transparant en leveren we maatwerk!<\/p><\/div><\/div><div class=\"vce-text-block\"><div class=\"vce-text-block-wrapper vce\" id=\"el-70076c40\" data-vce-do-apply=\"all el-70076c40\"><p style=\"text-align: center;\"><a href=\"https:\/\/ovenaan.nl\/appel\/offerte\/\">Meer informatie &gt;<\/a><\/p><\/div><\/div><\/div><\/div><\/div><\/div><\/div><\/div><div class=\"vce-row-container\"><div class=\"vce-row vce-element--xl--has-background vce-element--lg--has-background vce-element--md--has-background vce-element--sm--has-background vce-row--col-gap-30 vce-row-equal-height vce-row-content--top\" data-vce-full-width=\"true\" id=\"el-665f71ce\" data-vce-do-apply=\"all el-665f71ce\"><div class=\"vce-content-background-container\"><\/div><div class=\"vce-row-content\" data-vce-element-content=\"true\"><div class=\"vcv-row-control-wrapper\"><\/div><\/div><\/div><\/div>","protected":false},"excerpt":{"rendered":"<p>OAKE x App\u00e8lDoor App\u00e8l, voor App\u00e8l Wij zijn Oven Aan, Kom Eraan!, de specialist in warme maaltijden voor jullie. Speciaal voor onze collega&#8217;s van App\u00e8l hebben we deze pagina&#8217;s ingericht met de producten en diensten die we App\u00e8l-breed aanbieden. Denk hierbij aan banqueting, de inzet van foodtrucks, vaste afname op locatie of een andere dienst [&hellip;]<\/p>\n","protected":false},"author":1,"featured_media":1920,"parent":0,"menu_order":0,"comment_status":"closed","ping_status":"closed","template":"","meta":[],"aioseo_notices":[],"_links":{"self":[{"href":"https:\/\/ovenaan.nl\/appel\/wp-json\/wp\/v2\/pages\/2490"}],"collection":[{"href":"https:\/\/ovenaan.nl\/appel\/wp-json\/wp\/v2\/pages"}],"about":[{"href":"https:\/\/ovenaan.nl\/appel\/wp-json\/wp\/v2\/types\/page"}],"author":[{"embeddable":true,"href":"https:\/\/ovenaan.nl\/appel\/wp-json\/wp\/v2\/users\/1"}],"replies":[{"embeddable":true,"href":"https:\/\/ovenaan.nl\/appel\/wp-json\/wp\/v2\/comments?post=2490"}],"version-history":[{"count":4,"href":"https:\/\/ovenaan.nl\/appel\/wp-json\/wp\/v2\/pages\/2490\/revisions"}],"predecessor-version":[{"id":3294,"href":"https:\/\/ovenaan.nl\/appel\/wp-json\/wp\/v2\/pages\/2490\/revisions\/3294"}],"wp:featuredmedia":[{"embeddable":true,"href":"https:\/\/ovenaan.nl\/appel\/wp-json\/wp\/v2\/media\/1920"}],"wp:attachment":[{"href":"https:\/\/ovenaan.nl\/appel\/wp-json\/wp\/v2\/media?parent=2490"}],"curies":[{"name":"wp","href":"https:\/\/api.w.org\/{rel}","templated":true}]}}